{"id":24,"date":"2024-09-30T08:55:09","date_gmt":"2024-09-30T08:55:09","guid":{"rendered":"https:\/\/nonlinear-geometric-analysis.apps.math.cnrs.fr\/?page_id=24"},"modified":"2024-09-30T09:02:23","modified_gmt":"2024-09-30T09:02:23","slug":"organization-committee","status":"publish","type":"page","link":"https:\/\/nonlinear-geometric-analysis.apps.math.cnrs.fr\/?page_id=24","title":{"rendered":"Organization committee"},"content":{"rendered":"<ul>\n<li><a href=\"mailto:bruno.premoselli@ulb.be\">Bruno PREMOSELLI<\/a> (Bruxelles)<\/li>\n<li>Val\u00e9rie GOBERT (Nancy)<\/li>\n<li><a href=\"mailto:frederic.robert@univ-lorraine.fr\">Fr\u00e9d\u00e9ric ROBERT (Nancy)<\/a><\/li>\n<\/ul>\n","protected":false},"excerpt":{"rendered":"<p>Bruno PREMOSELLI (Bruxelles) Val\u00e9rie GOBERT (Nancy) Fr\u00e9d\u00e9ric ROBERT (Nancy)<\/p>\n","protected":false},"author":1,"featured_media":0,"parent":0,"menu_order":0,"comment_status":"closed","ping_status":"closed","template":"","meta":{"footnotes":""},"class_list":["post-24","page","type-page","status-publish","hentry"],"_links":{"self":[{"href":"https:\/\/nonlinear-geometric-analysis.apps.math.cnrs.fr\/index.php?rest_route=\/wp\/v2\/pages\/24","targetHints":{"allow":["GET"]}}],"collection":[{"href":"https:\/\/nonlinear-geometric-analysis.apps.math.cnrs.fr\/index.php?rest_route=\/wp\/v2\/pages"}],"about":[{"href":"https:\/\/nonlinear-geometric-analysis.apps.math.cnrs.fr\/index.php?rest_route=\/wp\/v2\/types\/page"}],"author":[{"embeddable":true,"href":"https:\/\/nonlinear-geometric-analysis.apps.math.cnrs.fr\/index.php?rest_route=\/wp\/v2\/users\/1"}],"replies":[{"embeddable":true,"href":"https:\/\/nonlinear-geometric-analysis.apps.math.cnrs.fr\/index.php?rest_route=%2Fwp%2Fv2%2Fcomments&post=24"}],"version-history":[{"count":6,"href":"https:\/\/nonlinear-geometric-analysis.apps.math.cnrs.fr\/index.php?rest_route=\/wp\/v2\/pages\/24\/revisions"}],"predecessor-version":[{"id":30,"href":"https:\/\/nonlinear-geometric-analysis.apps.math.cnrs.fr\/index.php?rest_route=\/wp\/v2\/pages\/24\/revisions\/30"}],"wp:attachment":[{"href":"https:\/\/nonlinear-geometric-analysis.apps.math.cnrs.fr\/index.php?rest_route=%2Fwp%2Fv2%2Fmedia&parent=24"}],"curies":[{"name":"wp","href":"https:\/\/api.w.org\/{rel}","templated":true}]}}