{"id":22,"date":"2024-09-30T08:50:38","date_gmt":"2024-09-30T08:50:38","guid":{"rendered":"https:\/\/nonlinear-geometric-analysis.apps.math.cnrs.fr\/?page_id=22"},"modified":"2024-11-06T15:40:32","modified_gmt":"2024-11-06T15:40:32","slug":"sponsors","status":"publish","type":"page","link":"https:\/\/nonlinear-geometric-analysis.apps.math.cnrs.fr\/?page_id=22","title":{"rendered":"Sponsors"},"content":{"rendered":"<ul>\n<li><strong>Universit\u00e9 Libre de Bruxelles<\/strong><\/li>\n<li><strong>Institut Elie Cartan (IECL)<\/strong><\/li>\n<li><strong>Universit\u00e9 de Lorraine (p\u00f4le AM2I)<\/strong><\/li>\n<li><strong>INSMI (PEPS JCJC)<\/strong><\/li>\n<li><strong>INRIA<\/strong><\/li>\n<li><strong>IUF<\/strong><\/li>\n<\/ul>\n<p>&nbsp;<\/p>\n","protected":false},"excerpt":{"rendered":"<p>Universit\u00e9 Libre de Bruxelles Institut Elie Cartan (IECL) Universit\u00e9 de Lorraine (p\u00f4le AM2I) INSMI (PEPS JCJC) INRIA IUF &nbsp;<\/p>\n","protected":false},"author":1,"featured_media":0,"parent":0,"menu_order":0,"comment_status":"closed","ping_status":"closed","template":"","meta":{"footnotes":""},"class_list":["post-22","page","type-page","status-publish","hentry"],"_links":{"self":[{"href":"https:\/\/nonlinear-geometric-analysis.apps.math.cnrs.fr\/index.php?rest_route=\/wp\/v2\/pages\/22","targetHints":{"allow":["GET"]}}],"collection":[{"href":"https:\/\/nonlinear-geometric-analysis.apps.math.cnrs.fr\/index.php?rest_route=\/wp\/v2\/pages"}],"about":[{"href":"https:\/\/nonlinear-geometric-analysis.apps.math.cnrs.fr\/index.php?rest_route=\/wp\/v2\/types\/page"}],"author":[{"embeddable":true,"href":"https:\/\/nonlinear-geometric-analysis.apps.math.cnrs.fr\/index.php?rest_route=\/wp\/v2\/users\/1"}],"replies":[{"embeddable":true,"href":"https:\/\/nonlinear-geometric-analysis.apps.math.cnrs.fr\/index.php?rest_route=%2Fwp%2Fv2%2Fcomments&post=22"}],"version-history":[{"count":3,"href":"https:\/\/nonlinear-geometric-analysis.apps.math.cnrs.fr\/index.php?rest_route=\/wp\/v2\/pages\/22\/revisions"}],"predecessor-version":[{"id":38,"href":"https:\/\/nonlinear-geometric-analysis.apps.math.cnrs.fr\/index.php?rest_route=\/wp\/v2\/pages\/22\/revisions\/38"}],"wp:attachment":[{"href":"https:\/\/nonlinear-geometric-analysis.apps.math.cnrs.fr\/index.php?rest_route=%2Fwp%2Fv2%2Fmedia&parent=22"}],"curies":[{"name":"wp","href":"https:\/\/api.w.org\/{rel}","templated":true}]}}