{"id":14,"date":"2024-09-26T14:03:59","date_gmt":"2024-09-26T14:03:59","guid":{"rendered":"https:\/\/nonlinear-geometric-analysis.apps.math.cnrs.fr\/?page_id=14"},"modified":"2024-09-26T14:18:40","modified_gmt":"2024-09-26T14:18:40","slug":"home-page","status":"publish","type":"page","link":"https:\/\/nonlinear-geometric-analysis.apps.math.cnrs.fr\/","title":{"rendered":"Nonlinear and Geometric Analysis in Nancy"},"content":{"rendered":"<p>November 13th-15th 2024<\/p>\n<p>Institut Elie Cartan de Lorraine (IECL)<\/p>\n<p>Facult\u00e9 des Sciences et technologie<br \/>\nCampus, Boulevard des AiguillettesBP 70239<br \/>\n54506 Vand\u0153uvre-l\u00e8s-Nancy<\/p>\n<p>France<\/p>\n<p>Access: <a href=\"https:\/\/iecl.univ-lorraine.fr\/getting-here\/\">https:\/\/iecl.univ-lorraine.fr\/getting-here\/<\/a><\/p>\n","protected":false},"excerpt":{"rendered":"<p>November 13th-15th 2024 Institut Elie Cartan de Lorraine (IECL) Facult\u00e9 des Sciences et technologie Campus, Boulevard des AiguillettesBP 70239 54506 Vand\u0153uvre-l\u00e8s-Nancy France Access: https:\/\/iecl.univ-lorraine.fr\/getting-here\/<\/p>\n","protected":false},"author":1,"featured_media":0,"parent":0,"menu_order":0,"comment_status":"closed","ping_status":"closed","template":"","meta":{"footnotes":""},"class_list":["post-14","page","type-page","status-publish","hentry"],"_links":{"self":[{"href":"https:\/\/nonlinear-geometric-analysis.apps.math.cnrs.fr\/index.php?rest_route=\/wp\/v2\/pages\/14","targetHints":{"allow":["GET"]}}],"collection":[{"href":"https:\/\/nonlinear-geometric-analysis.apps.math.cnrs.fr\/index.php?rest_route=\/wp\/v2\/pages"}],"about":[{"href":"https:\/\/nonlinear-geometric-analysis.apps.math.cnrs.fr\/index.php?rest_route=\/wp\/v2\/types\/page"}],"author":[{"embeddable":true,"href":"https:\/\/nonlinear-geometric-analysis.apps.math.cnrs.fr\/index.php?rest_route=\/wp\/v2\/users\/1"}],"replies":[{"embeddable":true,"href":"https:\/\/nonlinear-geometric-analysis.apps.math.cnrs.fr\/index.php?rest_route=%2Fwp%2Fv2%2Fcomments&post=14"}],"version-history":[{"count":4,"href":"https:\/\/nonlinear-geometric-analysis.apps.math.cnrs.fr\/index.php?rest_route=\/wp\/v2\/pages\/14\/revisions"}],"predecessor-version":[{"id":21,"href":"https:\/\/nonlinear-geometric-analysis.apps.math.cnrs.fr\/index.php?rest_route=\/wp\/v2\/pages\/14\/revisions\/21"}],"wp:attachment":[{"href":"https:\/\/nonlinear-geometric-analysis.apps.math.cnrs.fr\/index.php?rest_route=%2Fwp%2Fv2%2Fmedia&parent=14"}],"curies":[{"name":"wp","href":"https:\/\/api.w.org\/{rel}","templated":true}]}}